{"id":174,"date":"2023-03-16T17:37:38","date_gmt":"2023-03-16T16:37:38","guid":{"rendered":"http:\/\/exolab.clinic\/?page_id=174"},"modified":"2026-01-23T14:42:53","modified_gmt":"2026-01-23T13:42:53","slug":"test","status":"publish","type":"page","link":"https:\/\/exolab.clinic\/","title":{"rendered":"Homepage"},"content":{"rendered":"\n<div class=\"wp-block-columns are-vertically-aligned-center is-layout-flex wp-container-core-columns-is-layout-9d6595d7 wp-block-columns-is-layout-flex\" id=\"epg\">\n<div class=\"wp-block-column is-vertically-aligned-center is-layout-flow wp-block-column-is-layout-flow\">\n<figure class=\"wp-block-image size-large\"><img loading=\"lazy\" decoding=\"async\" width=\"1024\" height=\"683\" src=\"http:\/\/exolab.clinic\/wp-content\/uploads\/2023\/03\/Exo-1-1024x683.png\" alt=\"\" class=\"wp-image-152\" srcset=\"https:\/\/exolab.clinic\/wp-content\/uploads\/2023\/03\/Exo-1-1024x683.png 1024w, https:\/\/exolab.clinic\/wp-content\/uploads\/2023\/03\/Exo-1-300x200.png 300w, https:\/\/exolab.clinic\/wp-content\/uploads\/2023\/03\/Exo-1-768x512.png 768w, https:\/\/exolab.clinic\/wp-content\/uploads\/2023\/03\/Exo-1-1536x1024.png 1536w, https:\/\/exolab.clinic\/wp-content\/uploads\/2023\/03\/Exo-1-2048x1365.png 2048w, https:\/\/exolab.clinic\/wp-content\/uploads\/2023\/03\/Exo-1-450x300.png 450w, https:\/\/exolab.clinic\/wp-content\/uploads\/2023\/03\/Exo-1-452x300.png 452w\" sizes=\"auto, (max-width: 1024px) 100vw, 1024px\" \/><\/figure>\n<\/div>\n\n\n\n<div class=\"wp-block-column is-vertically-aligned-center is-layout-flow wp-block-column-is-layout-flow\">\n<p>L&rsquo;exo-proth\u00e8se de genou d&rsquo;ExoLab est une <strong>solution innovante<\/strong> pour les patients souffrant d&rsquo;<strong>arthrose pr\u00e9coce du genou<\/strong>. Elle est <strong>implantable<\/strong>, <strong>temporaire<\/strong>, <strong>rapide \u00e0 poser<\/strong> (10 min) et offre des <strong>b\u00e9n\u00e9fices p\u00e9rennes<\/strong>. Elle permet de <strong>soulager la douleur<\/strong> sans n\u00e9cessit\u00e9 de <strong>chirurgie invasive<\/strong>, repoussant ainsi les op\u00e9rations lourdes et am\u00e9liorant la <strong>qualit\u00e9 de vie du patient<\/strong>.<\/p>\n<\/div>\n<\/div>\n\n\n\n<div class=\"wp-block-group\"><div class=\"wp-block-group__inner-container is-layout-constrained wp-block-group-is-layout-constrained\">\n<div style=\"height:30px\" aria-hidden=\"true\" class=\"wp-block-spacer\"><\/div>\n\n\n\n<hr class=\"wp-block-separator has-alpha-channel-opacity is-style-dots\"\/>\n\n\n\n<div style=\"height:30px\" aria-hidden=\"true\" class=\"wp-block-spacer\"><\/div>\n<\/div><\/div>\n\n\n\n<div class=\"wp-block-columns are-vertically-aligned-center has-sitebg-background-color has-background is-layout-flex wp-container-core-columns-is-layout-9d6595d7 wp-block-columns-is-layout-flex\">\n<div class=\"wp-block-column is-vertically-aligned-center is-layout-flow wp-block-column-is-layout-flow\">\n<p class=\"has-text-align-right\">L&rsquo;exo-proth\u00e8se de genou d&rsquo;ExoLab est une alternative pr\u00e9cieuse pour les patients de tout \u00e2ge souffrant d&rsquo;<strong>arthrose du genou<\/strong>, y compris les <strong>moins de 60 ans<\/strong>, comme les <strong>sportifs<\/strong> et les <strong>personnes en surpoids<\/strong>. Elle permet de traiter efficacement la <strong>douleur<\/strong> et les <strong>difficult\u00e9s de mobilit\u00e9<\/strong>, offrant ainsi une r\u00e9ponse concr\u00e8te \u00e0 un <strong>besoin m\u00e9dical mal couvert<\/strong>.<\/p>\n<\/div>\n\n\n\n<div class=\"wp-block-column is-vertically-aligned-center is-layout-flow wp-block-column-is-layout-flow\">\n<figure class=\"wp-block-image size-large\"><img loading=\"lazy\" decoding=\"async\" width=\"1024\" height=\"683\" src=\"http:\/\/exolab.clinic\/wp-content\/uploads\/2023\/03\/Qui-1024x683.png\" alt=\"\" class=\"wp-image-153\" srcset=\"https:\/\/exolab.clinic\/wp-content\/uploads\/2023\/03\/Qui-1024x683.png 1024w, https:\/\/exolab.clinic\/wp-content\/uploads\/2023\/03\/Qui-300x200.png 300w, https:\/\/exolab.clinic\/wp-content\/uploads\/2023\/03\/Qui-768x512.png 768w, https:\/\/exolab.clinic\/wp-content\/uploads\/2023\/03\/Qui-1536x1024.png 1536w, https:\/\/exolab.clinic\/wp-content\/uploads\/2023\/03\/Qui-2048x1365.png 2048w, https:\/\/exolab.clinic\/wp-content\/uploads\/2023\/03\/Qui-450x300.png 450w, https:\/\/exolab.clinic\/wp-content\/uploads\/2023\/03\/Qui-452x300.png 452w\" sizes=\"auto, (max-width: 1024px) 100vw, 1024px\" \/><\/figure>\n<\/div>\n<\/div>\n\n\n\n<div class=\"wp-block-group\"><div class=\"wp-block-group__inner-container is-layout-constrained wp-block-group-is-layout-constrained\">\n<div style=\"height:30px\" aria-hidden=\"true\" class=\"wp-block-spacer\"><\/div>\n\n\n\n<hr class=\"wp-block-separator has-alpha-channel-opacity is-style-dots\"\/>\n\n\n\n<div style=\"height:30px\" aria-hidden=\"true\" class=\"wp-block-spacer\"><\/div>\n<\/div><\/div>\n\n\n\n<div class=\"wp-block-columns are-vertically-aligned-center is-layout-flex wp-container-core-columns-is-layout-9d6595d7 wp-block-columns-is-layout-flex\">\n<div class=\"wp-block-column is-vertically-aligned-center is-layout-flow wp-block-column-is-layout-flow\">\n<figure class=\"wp-block-image size-large\"><img loading=\"lazy\" decoding=\"async\" width=\"1024\" height=\"683\" src=\"http:\/\/exolab.clinic\/wp-content\/uploads\/2023\/03\/Bilan-1024x683.png\" alt=\"\" class=\"wp-image-154\" srcset=\"https:\/\/exolab.clinic\/wp-content\/uploads\/2023\/03\/Bilan-1024x683.png 1024w, https:\/\/exolab.clinic\/wp-content\/uploads\/2023\/03\/Bilan-300x200.png 300w, https:\/\/exolab.clinic\/wp-content\/uploads\/2023\/03\/Bilan-768x512.png 768w, https:\/\/exolab.clinic\/wp-content\/uploads\/2023\/03\/Bilan-1536x1024.png 1536w, https:\/\/exolab.clinic\/wp-content\/uploads\/2023\/03\/Bilan-2048x1365.png 2048w, https:\/\/exolab.clinic\/wp-content\/uploads\/2023\/03\/Bilan-450x300.png 450w, https:\/\/exolab.clinic\/wp-content\/uploads\/2023\/03\/Bilan-452x300.png 452w\" sizes=\"auto, (max-width: 1024px) 100vw, 1024px\" \/><\/figure>\n<\/div>\n\n\n\n<div class=\"wp-block-column is-vertically-aligned-center is-layout-flow wp-block-column-is-layout-flow\">\n<p class=\"has-text-align-left\">ExoLab a d\u00e9velopp\u00e9 cette technologie innovante depuis pr\u00e8s de 10 ans, obtenant <strong>deux brevets fran\u00e7ais<\/strong> ainsi qu&rsquo;une <strong>extension internationale (PCT)<\/strong>. Ces travaux nous ont permis de constituer un dossier de preuve de concept qui nous permettent d&rsquo;aborder avec s\u00e9r\u00e9nit\u00e9 les \u00e9tapes suivantes.<\/p>\n<\/div>\n<\/div>\n\n\n\n<div class=\"wp-block-group\"><div class=\"wp-block-group__inner-container is-layout-constrained wp-block-group-is-layout-constrained\">\n<div style=\"height:30px\" aria-hidden=\"true\" class=\"wp-block-spacer\"><\/div>\n\n\n\n<hr class=\"wp-block-separator has-alpha-channel-opacity is-style-dots\"\/>\n\n\n\n<div style=\"height:30px\" aria-hidden=\"true\" class=\"wp-block-spacer\"><\/div>\n<\/div><\/div>\n\n\n\n<div class=\"wp-block-columns are-vertically-aligned-center is-layout-flex wp-container-core-columns-is-layout-9d6595d7 wp-block-columns-is-layout-flex\">\n<div class=\"wp-block-column is-vertically-aligned-center is-layout-flow wp-block-column-is-layout-flow\">\n<p class=\"has-text-align-right\">Actuellement, notre \u00e9quipe pr\u00e9pare les <strong>\u00e9tudes pr\u00e9cliniques in vitro <\/strong>et<strong> in vivo<\/strong>. Nous sommes confiants quant aux r\u00e9sultats positifs de ces \u00e9tudes, qui d\u00e9montreront la <strong>s\u00e9curit\u00e9<\/strong> et la <strong>performance<\/strong> de l&rsquo;EPG. Nous pr\u00e9voyons d&rsquo;achever cette phase d&rsquo;ici \u00e0 un an. <\/p>\n\n\n\n<p class=\"has-text-align-right\">L&rsquo;<strong>\u00e9tude clinique<\/strong> s&rsquo;\u00e9talera ensuite sur deux ans. <br>En parall\u00e8le, nous pr\u00e9voyons la mise en conformit\u00e9 aux exigences de la <strong>norme europ\u00e9enne<\/strong>. Nous projetons donc l&rsquo;obtention du <strong>marquage CE<\/strong> dans trois ans.<\/p>\n<\/div>\n\n\n\n<div class=\"wp-block-column is-vertically-aligned-center is-layout-flow wp-block-column-is-layout-flow\"><div class=\"wp-block-image\">\n<figure class=\"aligncenter size-large\"><img loading=\"lazy\" decoding=\"async\" width=\"1024\" height=\"683\" src=\"http:\/\/exolab.clinic\/wp-content\/uploads\/2023\/03\/SUIVRE-1024x683.png\" alt=\"\" class=\"wp-image-155\" srcset=\"https:\/\/exolab.clinic\/wp-content\/uploads\/2023\/03\/SUIVRE-1024x683.png 1024w, https:\/\/exolab.clinic\/wp-content\/uploads\/2023\/03\/SUIVRE-300x200.png 300w, https:\/\/exolab.clinic\/wp-content\/uploads\/2023\/03\/SUIVRE-768x512.png 768w, https:\/\/exolab.clinic\/wp-content\/uploads\/2023\/03\/SUIVRE-1536x1024.png 1536w, https:\/\/exolab.clinic\/wp-content\/uploads\/2023\/03\/SUIVRE-2048x1365.png 2048w, https:\/\/exolab.clinic\/wp-content\/uploads\/2023\/03\/SUIVRE-450x300.png 450w, https:\/\/exolab.clinic\/wp-content\/uploads\/2023\/03\/SUIVRE-452x300.png 452w\" sizes=\"auto, (max-width: 1024px) 100vw, 1024px\" \/><\/figure>\n<\/div><\/div>\n<\/div>\n\n\n\n<div class=\"wp-block-group\"><div class=\"wp-block-group__inner-container is-layout-constrained wp-block-group-is-layout-constrained\">\n<div style=\"height:50px\" aria-hidden=\"true\" class=\"wp-block-spacer\"><\/div>\n\n\n\n<hr class=\"wp-block-separator has-alpha-channel-opacity is-style-default\"\/>\n\n\n\n<div style=\"height:20px\" aria-hidden=\"true\" class=\"wp-block-spacer\"><\/div>\n<\/div><\/div>\n\n\n<div class=\"wp-block-image\">\n<figure class=\"aligncenter size-large\"><img loading=\"lazy\" decoding=\"async\" width=\"1024\" height=\"213\" src=\"http:\/\/exolab.clinic\/wp-content\/uploads\/2023\/03\/Equipe-1024x213.png\" alt=\"\" class=\"wp-image-234\" srcset=\"https:\/\/exolab.clinic\/wp-content\/uploads\/2023\/03\/Equipe-1024x213.png 1024w, https:\/\/exolab.clinic\/wp-content\/uploads\/2023\/03\/Equipe-300x63.png 300w, https:\/\/exolab.clinic\/wp-content\/uploads\/2023\/03\/Equipe-768x160.png 768w, https:\/\/exolab.clinic\/wp-content\/uploads\/2023\/03\/Equipe-1536x320.png 1536w, https:\/\/exolab.clinic\/wp-content\/uploads\/2023\/03\/Equipe-452x94.png 452w, https:\/\/exolab.clinic\/wp-content\/uploads\/2023\/03\/Equipe.png 1920w\" sizes=\"auto, (max-width: 1024px) 100vw, 1024px\" \/><\/figure>\n<\/div>\n\n\n<div class=\"wp-block-columns is-layout-flex wp-container-core-columns-is-layout-9d6595d7 wp-block-columns-is-layout-flex\">\n<div class=\"wp-block-column is-layout-flow wp-block-column-is-layout-flow\"><div class=\"wp-block-image\">\n<figure class=\"aligncenter size-full is-resized\"><img loading=\"lazy\" decoding=\"async\" width=\"600\" height=\"600\" src=\"http:\/\/exolab.clinic\/wp-content\/uploads\/2023\/03\/ARG.png\" alt=\"\" class=\"wp-image-51\" style=\"width:300px;height:300px\" srcset=\"https:\/\/exolab.clinic\/wp-content\/uploads\/2023\/03\/ARG.png 600w, https:\/\/exolab.clinic\/wp-content\/uploads\/2023\/03\/ARG-300x300.png 300w, https:\/\/exolab.clinic\/wp-content\/uploads\/2023\/03\/ARG-150x150.png 150w\" sizes=\"auto, (max-width: 600px) 100vw, 600px\" \/><\/figure>\n<\/div>\n\n\n<div style=\"height:15px\" aria-hidden=\"true\" class=\"wp-block-spacer\"><\/div>\n\n\n\n<p class=\"has-text-align-center\"><strong><mark style=\"background-color:rgba(0, 0, 0, 0)\" class=\"has-inline-color has-accent-1-color\">Dr. Gaetan A\u00fcllo-Rasser<\/mark><\/strong><br><em><mark style=\"background-color:rgba(0, 0, 0, 0)\" class=\"has-inline-color has-accent-2-color\">Pr\u00e9sident &#8211; CEO<\/mark><\/em><\/p>\n\n\n\n<div class=\"wp-block-group\"><div class=\"wp-block-group__inner-container is-layout-constrained wp-block-group-is-layout-constrained\">\n<hr class=\"wp-block-separator has-alpha-channel-opacity is-style-default\"\/>\n\n\n\n<div style=\"height:14px\" aria-hidden=\"true\" class=\"wp-block-spacer\"><\/div>\n<\/div><\/div>\n\n\n\n<p class=\"has-text-align-center\">\u00ab\u00a0Je suis ing\u00e9nieur R&amp;D, sp\u00e9cialiste de la biom\u00e9canique du genou. Je dirige et r\u00e9alise tous les aspects techniques du projet exo-proth\u00e8se depuis 2016. Mes travaux m&rsquo;ont men\u00e9 \u00e0 collaborer avec le CNRS et l&rsquo;AP-HM. J&rsquo;ai publi\u00e9 plusieurs articles scientifiques et contribu\u00e9 \u00e0 un ouvrage de formation \u00e0 destination des chirurgiens du genou.\u00a0\u00bb<\/p>\n<\/div>\n\n\n\n<div class=\"wp-block-column is-layout-flow wp-block-column-is-layout-flow\"><div class=\"wp-block-image\">\n<figure class=\"aligncenter size-full is-resized\" id=\"equipe\"><img loading=\"lazy\" decoding=\"async\" width=\"600\" height=\"600\" src=\"http:\/\/exolab.clinic\/wp-content\/uploads\/2023\/03\/CLC.png\" alt=\"\" class=\"wp-image-52\" style=\"width:300px;height:300px\" srcset=\"https:\/\/exolab.clinic\/wp-content\/uploads\/2023\/03\/CLC.png 600w, https:\/\/exolab.clinic\/wp-content\/uploads\/2023\/03\/CLC-300x300.png 300w, https:\/\/exolab.clinic\/wp-content\/uploads\/2023\/03\/CLC-150x150.png 150w\" sizes=\"auto, (max-width: 600px) 100vw, 600px\" \/><\/figure>\n<\/div>\n\n\n<div style=\"height:15px\" aria-hidden=\"true\" class=\"wp-block-spacer\"><\/div>\n\n\n\n<p class=\"has-text-align-center\"><strong><mark style=\"background-color:rgba(0, 0, 0, 0)\" class=\"has-inline-color has-accent-1-color\">M. Charles Lecurieux-Clerville<\/mark><\/strong><br><em><mark style=\"background-color:rgba(0, 0, 0, 0)\" class=\"has-inline-color has-accent-2-color\">CFO<\/mark><\/em><\/p>\n\n\n\n<div class=\"wp-block-group\"><div class=\"wp-block-group__inner-container is-layout-constrained wp-block-group-is-layout-constrained\">\n<hr class=\"wp-block-separator has-alpha-channel-opacity is-style-default\"\/>\n\n\n\n<div style=\"height:14px\" aria-hidden=\"true\" class=\"wp-block-spacer\"><\/div>\n<\/div><\/div>\n\n\n\n<p class=\"has-text-align-center\">\u00ab\u00a0J&rsquo;ai exerc\u00e9 en audit financier puis cofond\u00e9 et g\u00e9r\u00e9 une maison de mode comme CEO, jusqu&rsquo;\u00e0 atteindre 500k\u20ac de CA. J&rsquo;accompagne maintenant ExoLab Clinical pour une gestion administrative et financi\u00e8re saine et maitris\u00e9e.\u00a0\u00bb<\/p>\n<\/div>\n\n\n\n<div class=\"wp-block-column is-layout-flow wp-block-column-is-layout-flow\"><div class=\"wp-block-image\">\n<figure class=\"aligncenter size-full is-resized\"><img loading=\"lazy\" decoding=\"async\" width=\"600\" height=\"600\" src=\"http:\/\/exolab.clinic\/wp-content\/uploads\/2023\/03\/RLC.png\" alt=\"\" class=\"wp-image-53\" style=\"width:300px;height:300px\" srcset=\"https:\/\/exolab.clinic\/wp-content\/uploads\/2023\/03\/RLC.png 600w, https:\/\/exolab.clinic\/wp-content\/uploads\/2023\/03\/RLC-300x300.png 300w, https:\/\/exolab.clinic\/wp-content\/uploads\/2023\/03\/RLC-150x150.png 150w\" sizes=\"auto, (max-width: 600px) 100vw, 600px\" \/><\/figure>\n<\/div>\n\n\n<div style=\"height:15px\" aria-hidden=\"true\" class=\"wp-block-spacer\"><\/div>\n\n\n\n<p class=\"has-text-align-center\"><strong><mark style=\"background-color:rgba(0, 0, 0, 0)\" class=\"has-inline-color has-accent-1-color\">Dr. Roger Lecurieux-Clerville<\/mark><\/strong><br><em><mark style=\"background-color:rgba(0, 0, 0, 0)\" class=\"has-inline-color has-accent-2-color\">Sp\u00e9cialiste clinicien<\/mark><\/em><\/p>\n\n\n\n<div class=\"wp-block-group\"><div class=\"wp-block-group__inner-container is-layout-constrained wp-block-group-is-layout-constrained\">\n<hr class=\"wp-block-separator has-alpha-channel-opacity is-style-default\"\/>\n\n\n\n<div style=\"height:14px\" aria-hidden=\"true\" class=\"wp-block-spacer\"><\/div>\n<\/div><\/div>\n\n\n\n<p class=\"has-text-align-center\">\u00ab\u00a0Je suis un m\u00e9decin orthop\u00e9diste sp\u00e9cialis\u00e9 dans le traitement du genou, avec 40 ans d\u2019exp\u00e9rience et plus de 12.000 interventions. J&rsquo;\u00e9labore des protocoles de soins novateurs, non-traumatisants, pour une meilleure prise en charge des patients. Je concr\u00e9tise ma vision de la m\u00e9decine de demain au sein d&rsquo;ExoLab Clinical.\u00a0\u00bb<\/p>\n<\/div>\n<\/div>\n\n\n\n<div style=\"height:50px\" aria-hidden=\"true\" class=\"wp-block-spacer\"><\/div>\n\n\n\n<hr class=\"wp-block-separator has-alpha-channel-opacity\"\/>\n\n\n\n<div style=\"height:20px\" aria-hidden=\"true\" class=\"wp-block-spacer\"><\/div>\n\n\n\n<figure class=\"wp-block-image size-large\"><img loading=\"lazy\" decoding=\"async\" width=\"1024\" height=\"213\" src=\"http:\/\/exolab.clinic\/wp-content\/uploads\/2023\/03\/CONTACT-2-1024x213.png\" alt=\"\" class=\"wp-image-233\" srcset=\"https:\/\/exolab.clinic\/wp-content\/uploads\/2023\/03\/CONTACT-2-1024x213.png 1024w, https:\/\/exolab.clinic\/wp-content\/uploads\/2023\/03\/CONTACT-2-300x63.png 300w, https:\/\/exolab.clinic\/wp-content\/uploads\/2023\/03\/CONTACT-2-768x160.png 768w, https:\/\/exolab.clinic\/wp-content\/uploads\/2023\/03\/CONTACT-2-1536x320.png 1536w, https:\/\/exolab.clinic\/wp-content\/uploads\/2023\/03\/CONTACT-2-452x94.png 452w, https:\/\/exolab.clinic\/wp-content\/uploads\/2023\/03\/CONTACT-2.png 1920w\" sizes=\"auto, (max-width: 1024px) 100vw, 1024px\" \/><\/figure>\n\n\n\n<p class=\"has-text-align-center\" id=\"contact\">Une question ? Que vous soyez patient ou soignant, n&rsquo;h\u00e9sitez pas \u00e0 nous contacter !<\/p>\n\n\n\n<div class=\"wp-block-buttons is-content-justification-center is-layout-flex wp-container-core-buttons-is-layout-16018d1d wp-block-buttons-is-layout-flex\">\n<div class=\"wp-block-button is-style-outline is-style-outline--1\"><a class=\"wp-block-button__link wp-element-button\" href=\"mailto:contact@exolab.clinic\">Contactez-nous<\/a><\/div>\n<\/div>\n","protected":false},"excerpt":{"rendered":"","protected":false},"author":2,"featured_media":0,"parent":0,"menu_order":0,"comment_status":"closed","ping_status":"closed","template":"","meta":{"footnotes":""},"class_list":["post-174","page","type-page","status-publish","hentry"],"_links":{"self":[{"href":"https:\/\/exolab.clinic\/index.php?rest_route=\/wp\/v2\/pages\/174","targetHints":{"allow":["GET"]}}],"collection":[{"href":"https:\/\/exolab.clinic\/index.php?rest_route=\/wp\/v2\/pages"}],"about":[{"href":"https:\/\/exolab.clinic\/index.php?rest_route=\/wp\/v2\/types\/page"}],"author":[{"embeddable":true,"href":"https:\/\/exolab.clinic\/index.php?rest_route=\/wp\/v2\/users\/2"}],"replies":[{"embeddable":true,"href":"https:\/\/exolab.clinic\/index.php?rest_route=%2Fwp%2Fv2%2Fcomments&post=174"}],"version-history":[{"count":20,"href":"https:\/\/exolab.clinic\/index.php?rest_route=\/wp\/v2\/pages\/174\/revisions"}],"predecessor-version":[{"id":239,"href":"https:\/\/exolab.clinic\/index.php?rest_route=\/wp\/v2\/pages\/174\/revisions\/239"}],"wp:attachment":[{"href":"https:\/\/exolab.clinic\/index.php?rest_route=%2Fwp%2Fv2%2Fmedia&parent=174"}],"curies":[{"name":"wp","href":"https:\/\/api.w.org\/{rel}","templated":true}]}}